{"id":5267,"date":"2025-10-19T23:09:02","date_gmt":"2025-10-19T23:09:02","guid":{"rendered":"https:\/\/www.chalela-legal.com\/?page_id=5267"},"modified":"2025-11-18T16:36:11","modified_gmt":"2025-11-18T16:36:11","slug":"glosario","status":"publish","type":"page","link":"https:\/\/www.chalela-legal.com\/en\/glosario\/","title":{"rendered":"Glosario"},"content":{"rendered":"<div data-elementor-type=\"wp-page\" data-elementor-id=\"5267\" class=\"elementor elementor-5267\">\n\t\t\t\t\t\t<section class=\"elementor-section elementor-top-section elementor-element elementor-element-2658d7d elementor-section-full_width elementor-section-content-middle elementor-section-height-default elementor-section-height-default exad-glass-effect-no exad-sticky-section-no\" data-id=\"2658d7d\" data-element_type=\"section\" data-settings=\"{&quot;jet_parallax_layout_list&quot;:[],&quot;background_background&quot;:&quot;video&quot;,&quot;background_video_link&quot;:&quot;https:\\\/\\\/www.chalela-legal.com\\\/wp-content\\\/uploads\\\/2025\\\/10\\\/video-glosario.mp4&quot;,&quot;background_play_on_mobile&quot;:&quot;yes&quot;,&quot;background_privacy_mode&quot;:&quot;yes&quot;}\">\n\t\t\t\t\t\t\t\t<div class=\"elementor-background-video-container\">\n\t\t\t\t\t\t\t\t\t\t\t\t\t<video class=\"elementor-background-video-hosted\" autoplay muted playsinline loop><\/video>\n\t\t\t\t\t\t\t\t\t\t\t<\/div>\n\t\t\t\t\t\t\t\t<div class=\"elementor-container elementor-column-gap-default\">\n\t\t\t\t\t<div class=\"elementor-column elementor-col-100 elementor-top-column elementor-element elementor-element-8fb9a84 exad-glass-effect-no exad-sticky-section-no\" data-id=\"8fb9a84\" data-element_type=\"column\">\n\t\t\t<div class=\"elementor-widget-wrap elementor-element-populated\">\n\t\t\t\t\t\t<div class=\"elementor-element elementor-element-9e9e286 elementor-widget-mobile__width-inherit elementor-widget__width-initial exad-sticky-section-no exad-glass-effect-no elementor-widget elementor-widget-heading\" data-id=\"9e9e286\" data-element_type=\"widget\" data-widget_type=\"heading.default\">\n\t\t\t\t<div class=\"elementor-widget-container\">\n\t\t\t\t\t<h1 class=\"elementor-heading-title elementor-size-default\">Glosario Chalela<\/h1>\t\t\t\t<\/div>\n\t\t\t\t<\/div>\n\t\t\t\t<div class=\"elementor-element elementor-element-0599642 elementor-widget-mobile__width-initial elementor-widget__width-initial exad-sticky-section-no exad-glass-effect-no elementor-widget elementor-widget-heading\" data-id=\"0599642\" data-element_type=\"widget\" data-widget_type=\"heading.default\">\n\t\t\t\t<div class=\"elementor-widget-container\">\n\t\t\t\t\t<p class=\"elementor-heading-title elementor-size-default\">Conozca los t\u00e9rminos que definen nuestra energ\u00eda para llevar a cabo todos los procesos<\/p>\t\t\t\t<\/div>\n\t\t\t\t<\/div>\n\t\t\t\t<div class=\"elementor-element elementor-element-887a112 elementor-widget-mobile__width-initial elementor-widget__width-auto elementor-absolute elementor-hidden-tablet elementor-hidden-mobile exad-sticky-section-no exad-glass-effect-no elementor-widget elementor-widget-heading\" data-id=\"887a112\" data-element_type=\"widget\" data-settings=\"{&quot;_position&quot;:&quot;absolute&quot;}\" data-widget_type=\"heading.default\">\n\t\t\t\t<div class=\"elementor-widget-container\">\n\t\t\t\t\t<span class=\"elementor-heading-title elementor-size-default\">Energ\u00eda que <br>impulsa <br>el futuro<\/span>\t\t\t\t<\/div>\n\t\t\t\t<\/div>\n\t\t\t\t\t<\/div>\n\t\t<\/div>\n\t\t\t\t\t<\/div>\n\t\t<\/section>\n\t\t\t\t<div class=\"elementor-section elementor-top-section elementor-element elementor-element-8ab8037 elementor-section-full_width elementor-section-height-default elementor-section-height-default exad-glass-effect-no exad-sticky-section-no\" data-id=\"8ab8037\" data-element_type=\"section\" data-settings=\"{&quot;jet_parallax_layout_list&quot;:[]}\">\n\t\t\t\t\t\t<div class=\"elementor-container elementor-column-gap-default\">\n\t\t\t\t\t<div class=\"elementor-column elementor-col-100 elementor-top-column elementor-element elementor-element-c237608 raven-column-flex-horizontal exad-glass-effect-no exad-sticky-section-no\" data-id=\"c237608\" data-element_type=\"column\">\n\t\t\t<div class=\"elementor-widget-wrap elementor-element-populated\">\n\t\t\t\t\t\t<div class=\"elementor-element elementor-element-c1086b1 exad-sticky-section-no exad-glass-effect-no elementor-widget elementor-widget-heading\" data-id=\"c1086b1\" data-element_type=\"widget\" data-widget_type=\"heading.default\">\n\t\t\t\t<div class=\"elementor-widget-container\">\n\t\t\t\t\t<h2 class=\"elementor-heading-title elementor-size-default\">Nuestros Valores y Principios Gu\u00eda <\/h2>\t\t\t\t<\/div>\n\t\t\t\t<\/div>\n\t\t\t\t<div class=\"elementor-element elementor-element-6fdd74d exad-sticky-section-no exad-glass-effect-no elementor-widget elementor-widget-heading\" data-id=\"6fdd74d\" data-element_type=\"widget\" data-widget_type=\"heading.default\">\n\t\t\t\t<div class=\"elementor-widget-container\">\n\t\t\t\t\t<p class=\"elementor-heading-title elementor-size-default\">En Chalela I Abogados, nuestra pr\u00e1ctica legal est\u00e1 cimentada sobre un conjunto inquebrantable de valores y principios que gu\u00edan cada acci\u00f3n, decisi\u00f3n y estrategia. Estos pilares no son solo ideales, sino las herramientas operativas que aseguran la m\u00e1xima calidad, \u00e9tica y eficacia en la defensa de los intereses de nuestros clientes. Desde el an\u00e1lisis minucioso de cada caso hasta el compromiso final con el resultado, estos principios definen qui\u00e9nes somos y c\u00f3mo abordamos el derecho. <\/p>\t\t\t\t<\/div>\n\t\t\t\t<\/div>\n\t\t\t\t\t<\/div>\n\t\t<\/div>\n\t\t\t\t\t<\/div>\n\t\t<\/div>\n\t\t\t\t<div class=\"elementor-section elementor-top-section elementor-element elementor-element-b7848b3 elementor-section-full_width elementor-section-height-default elementor-section-height-default exad-glass-effect-no exad-sticky-section-no\" data-id=\"b7848b3\" data-element_type=\"section\" data-settings=\"{&quot;jet_parallax_layout_list&quot;:[]}\">\n\t\t\t\t\t\t<div class=\"elementor-container elementor-column-gap-default\">\n\t\t\t\t\t<div class=\"elementor-column elementor-col-100 elementor-top-column elementor-element elementor-element-e0cbefe raven-column-flex-horizontal exad-glass-effect-no exad-sticky-section-no\" data-id=\"e0cbefe\" data-element_type=\"column\">\n\t\t\t<div class=\"elementor-widget-wrap elementor-element-populated\">\n\t\t\t\t\t\t<div class=\"elementor-element elementor-element-a1a9c7d elementor-widget__width-inherit exad-sticky-section-no exad-glass-effect-no elementor-widget elementor-widget-html\" data-id=\"a1a9c7d\" data-element_type=\"widget\" data-widget_type=\"html.default\">\n\t\t\t\t<div class=\"elementor-widget-container\">\n\t\t\t\t\t<div class=\"valores-grid\">\r\n  <button class=\"valor-item\" data-popup=\"rigor\">\r\n    Rigor <span class=\"arrow\">&#x2304;<\/span>\r\n  <\/button>\r\n  <button class=\"valor-item\" data-popup=\"profundidad\">\r\n    Profundidad <span class=\"arrow\">&#x2304;<\/span>\r\n  <\/button>\r\n  <button class=\"valor-item\" data-popup=\"disciplina\">\r\n    Disciplina <span class=\"arrow\">&#x2304;<\/span>\r\n  <\/button>\r\n  <button class=\"valor-item\" data-popup=\"consistencia\">\r\n    Consistencia <span class=\"arrow\">&#x2304;<\/span>\r\n  <\/button>\r\n  <button class=\"valor-item\" data-popup=\"compromiso\">\r\n    Compromiso <span class=\"arrow\">&#x2304;<\/span>\r\n  <\/button>\r\n  <button class=\"valor-item\" data-popup=\"excelencia\">\r\n    Excelencia <span class=\"arrow\">&#x2304;<\/span>\r\n  <\/button>\r\n  <button class=\"valor-item\" data-popup=\"detalle\">\r\n    Atenci\u00f3n al Detalle <span class=\"arrow\">&#x2304;<\/span>\r\n  <\/button>\r\n  <button class=\"valor-item\" data-popup=\"integralidad\">\r\n    Integralidad <span class=\"arrow\">&#x2304;<\/span>\r\n  <\/button>\r\n  <button class=\"valor-item\" data-popup=\"empatia\">\r\n    Empat\u00eda <span class=\"arrow\">&#x2304;<\/span>\r\n  <\/button>\r\n  <button class=\"valor-item\" data-popup=\"creatividad\">\r\n    Creatividad <span class=\"arrow\">&#x2304;<\/span>\r\n  <\/button>\r\n  <button class=\"valor-item\" data-popup=\"inquietud\">\r\n    Inquietud <span class=\"arrow\">&#x2304;<\/span>\r\n  <\/button>\r\n  <button class=\"valor-item\" data-popup=\"estrategico\">\r\n    Razonamiento Estrat\u00e9gico <span class=\"arrow\">&#x2304;<\/span>\r\n  <\/button>\r\n  <button class=\"valor-item\" data-popup=\"impulso\">\r\n    Impulso hacia lo Desconocido <span class=\"arrow\">&#x2304;<\/span>\r\n  <\/button>\r\n  <button class=\"valor-item\" data-popup=\"resultado\">\r\n    Orientaci\u00f3n al Resultado <span class=\"arrow\">&#x2304;<\/span>\r\n  <\/button>\r\n  <button class=\"valor-item\" data-popup=\"adaptabilidad\">\r\n    Adaptabilidad <span class=\"arrow\">&#x2304;<\/span>\r\n  <\/button>\r\n  <button class=\"valor-item\" data-popup=\"transparencia\">\r\n    Transparencia Operativa <span class=\"arrow\">&#x2304;<\/span>\r\n  <\/button>\r\n  <button class=\"valor-item\" data-popup=\"cultura\">\r\n    Cultura de Respuesta <span class=\"arrow\">&#x2304;<\/span>\r\n  <\/button>\r\n  <button class=\"valor-item\" data-popup=\"apropiacion\">\r\n    Apropiaci\u00f3n \/ Hacerse Cargo <span class=\"arrow\">&#x2304;<\/span>\r\n  <\/button>\r\n  <button class=\"valor-item\" data-popup=\"responsabilidad\">\r\n    Responsabilidad Individual <span class=\"arrow\">&#x2304;<\/span>\r\n  <\/button>\r\n  <button class=\"valor-item\" data-popup=\"preparacion\">\r\n    Preparaci\u00f3n Efectiva <span class=\"arrow\">&#x2304;<\/span>\r\n  <\/button>\r\n  <button class=\"valor-item\" data-popup=\"trazabilidad\">\r\n    Trazabilidad <span class=\"arrow\">&#x2304;<\/span>\r\n  <\/button>\r\n  <button class=\"valor-item\" data-popup=\"seguimiento\">\r\n    Seguimiento Activo <span class=\"arrow\">&#x2304;<\/span>\r\n  <\/button>\r\n  <button class=\"valor-item\" data-popup=\"compromiso-resultado\">\r\n    Compromiso de Resultado <span class=\"arrow\">&#x2304;<\/span>\r\n  <\/button>\r\n  <button class=\"valor-item\" data-popup=\"reaccion\">\r\n    Reacci\u00f3n Efectiva <span class=\"arrow\">&#x2304;<\/span>\r\n  <\/button>\r\n  <button class=\"valor-item\" data-popup=\"colaboracion\">\r\n    Colaboraci\u00f3n Interdisciplinaria <span class=\"arrow\">&#x2304;<\/span>\r\n  <\/button>\r\n<\/div>\r\n\r\n<!-- POPUPS -->\r\n<div class=\"valor-popup\" id=\"popup-rigor\">\r\n  <div class=\"popup-content\">\r\n    <span class=\"close-popup\">&uarr;<\/span>\r\n    <h2>Rigor<\/h2>\r\n    <p>\r\n      Aplicaci\u00f3n estricta y met\u00f3dica de la normativa, la jurisprudencia y los hechos, asegurando la solidez y precisi\u00f3n de cada argumento.\r\n    <\/p>\r\n  <\/div>\r\n<\/div>\r\n\r\n<div class=\"valor-popup\" id=\"popup-profundidad\">\r\n  <div class=\"popup-content\">\r\n    <span class=\"close-popup\">&uarr;<\/span>\r\n    <h2>Profundidad<\/h2>\r\n    <p>\r\n      An\u00e1lisis exhaustivo de los asuntos legales, yendo m\u00e1s all\u00e1 de la superficie para comprender todas las implicaciones y matices del caso.\r\n    <\/p>\r\n  <\/div>\r\n<\/div>\r\n\r\n<div class=\"valor-popup\" id=\"popup-disciplina\">\r\n  <div class=\"popup-content\">\r\n    <span class=\"close-popup\">&uarr;<\/span>\r\n    <h2>Disciplina<\/h2>\r\n    <p>\r\n      Adherencia constante a los procedimientos, plazos y metodolog\u00edas de trabajo para mantener la organizaci\u00f3n y eficiencia en la gesti\u00f3n de casos.\r\n    <\/p>\r\n  <\/div>\r\n<\/div>\r\n\r\n<div class=\"valor-popup\" id=\"popup-consistencia\">\r\n  <div class=\"popup-content\">\r\n    <span class=\"close-popup\">&uarr;<\/span>\r\n    <h2>Consistencia<\/h2>\r\n    <p>\r\n      Mantenimiento de un est\u00e1ndar de calidad, criterio y \u00e9tica uniformes en todos los servicios y en el tiempo.\r\n    <\/p>\r\n  <\/div>\r\n<\/div>\r\n\r\n<div class=\"valor-popup\" id=\"popup-compromiso\">\r\n  <div class=\"popup-content\">\r\n    <span class=\"close-popup\">&uarr;<\/span>\r\n    <h2>Compromiso<\/h2>\r\n    <p>\r\n      Dedicaci\u00f3n total y apasionada a la defensa de los intereses del cliente y a la consecuci\u00f3n de la justicia en cada encargo.\r\n    <\/p>\r\n  <\/div>\r\n<\/div>\r\n\r\n<div class=\"valor-popup\" id=\"popup-excelencia\">\r\n  <div class=\"popup-content\">\r\n    <span class=\"close-popup\">&uarr;<\/span>\r\n    <h2>Excelencia<\/h2>\r\n    <p>\r\n      B\u00fasqueda constante del m\u00e1s alto est\u00e1ndar de calidad en la asesor\u00eda, representaci\u00f3n y resultados legales.\r\n    <\/p>\r\n  <\/div>\r\n<\/div>\r\n\r\n<div class=\"valor-popup\" id=\"popup-detalle\">\r\n  <div class=\"popup-content\">\r\n    <span class=\"close-popup\">&uarr;<\/span>\r\n    <h2>Atenci\u00f3n al Detalle<\/h2>\r\n    <p>\r\n      Revisi\u00f3n meticulosa de documentos y hechos, esencial para identificar riesgos, oportunidades y errores que puedan impactar el caso.\r\n    <\/p>\r\n  <\/div>\r\n<\/div>\r\n\r\n<div class=\"valor-popup\" id=\"popup-integralidad\">\r\n  <div class=\"popup-content\">\r\n    <span class=\"close-popup\">&uarr;<\/span>\r\n    <h2>Integralidad<\/h2>\r\n    <p>\r\n      Abordaje del caso considerando todas las \u00e1reas del derecho y sus posibles interconexiones, ofreciendo una soluci\u00f3n completa y robusta.\r\n    <\/p>\r\n  <\/div>\r\n<\/div>\r\n\r\n<div class=\"valor-popup\" id=\"popup-creatividad\">\r\n  <div class=\"popup-content\">\r\n    <span class=\"close-popup\">&uarr;<\/span>\r\n    <h2>Creatividad<\/h2>\r\n    <p>\r\n      Habilidad para idear soluciones legales novedosas, argumentos originales o estrategias fuera de lo convencional ante desaf\u00edos complejos.\r\n    <\/p>\r\n  <\/div>\r\n<\/div>\r\n\r\n<div class=\"valor-popup\" id=\"popup-inquietud\">\r\n  <div class=\"popup-content\">\r\n    <span class=\"close-popup\">&uarr;<\/span>\r\n    <h2>Inquietud<\/h2>\r\n    <p>\r\n      Mente proactiva y curiosa que impulsa la b\u00fasqueda continua de nuevo conocimiento, mejores pr\u00e1cticas y la evoluci\u00f3n constante de la estrategia.\r\n    <\/p>\r\n  <\/div>\r\n<\/div>\r\n\r\n<div class=\"valor-popup\" id=\"popup-estrategico\">\r\n  <div class=\"popup-content\">\r\n    <span class=\"close-popup\">&uarr;<\/span>\r\n    <h2>Razonamiento Estrat\u00e9gico<\/h2>\r\n    <p>\r\n      Uso de la l\u00f3gica y el conocimiento legal para planificar acciones a largo plazo, anticipando escenarios y movimientos de la contraparte.\r\n    <\/p>\r\n  <\/div>\r\n<\/div>\r\n\r\n<div class=\"valor-popup\" id=\"popup-impulso\">\r\n  <div class=\"popup-content\">\r\n    <span class=\"close-popup\">&uarr;<\/span>\r\n    <h2>Impulso hacia lo Desconocido<\/h2>\r\n    <p>\r\n      Disposici\u00f3n para abordar nuevas \u00e1reas del derecho o casos sin precedentes, innovando y marcando pauta en el sector legal.\r\n    <\/p>\r\n  <\/div>\r\n<\/div>\r\n\r\n<div class=\"valor-popup\" id=\"popup-resultado\">\r\n  <div class=\"popup-content\">\r\n    <span class=\"close-popup\">&uarr;<\/span>\r\n    <h2>Orientaci\u00f3n al Resultado<\/h2>\r\n    <p>\r\n      Foco primario en la consecuci\u00f3n de los objetivos definidos con el cliente, optimizando esfuerzos para el logro de la meta final.\r\n    <\/p>\r\n  <\/div>\r\n<\/div>\r\n\r\n<div class=\"valor-popup\" id=\"popup-empatia\">\r\n  <div class=\"popup-content\">\r\n    <span class=\"close-popup\">&uarr;<\/span>\r\n    <h2>Empat\u00eda<\/h2>\r\n    <p>\r\n      Capacidad de comprender y sintonizar con las preocupaciones, necesidades y perspectivas emocionales del cliente, ofreciendo un trato humano.\r\n    <\/p>\r\n  <\/div>\r\n<\/div>\r\n\r\n<div class=\"valor-popup\" id=\"popup-adaptabilidad\">\r\n  <div class=\"popup-content\">\r\n    <span class=\"close-popup\">&uarr;<\/span>\r\n    <h2>Adaptabilidad<\/h2>\r\n    <p>\r\n      Flexibilidad para modificar estrategias, procedimientos o plazos en respuesta a cambios en la legislaci\u00f3n, jurisprudencia o circunstancias del caso.\r\n    <\/p>\r\n  <\/div>\r\n<\/div>\r\n\r\n<div class=\"valor-popup\" id=\"popup-transparencia\">\r\n  <div class=\"popup-content\">\r\n    <span class=\"close-popup\">&uarr;<\/span>\r\n    <h2>Transparencia Operativa<\/h2>\r\n    <p>\r\n      Comunicaci\u00f3n clara, honesta y abierta sobre los procesos, costos y el estado real del caso con el cliente.\r\n    <\/p>\r\n  <\/div>\r\n<\/div>\r\n\r\n<div class=\"valor-popup\" id=\"popup-cultura\">\r\n  <div class=\"popup-content\">\r\n    <span class=\"close-popup\">&uarr;<\/span>\r\n    <h2>Cultura de Respuesta<\/h2>\r\n    <p>\r\n      Compromiso con la comunicaci\u00f3n \u00e1gil y oportuna, asegurando que las consultas y necesidades del cliente sean atendidas r\u00e1pidamente.\r\n    <\/p>\r\n  <\/div>\r\n<\/div>\r\n\r\n<div class=\"valor-popup\" id=\"popup-apropiacion\">\r\n  <div class=\"popup-content\">\r\n    <span class=\"close-popup\">&uarr;<\/span>\r\n    <h2>Apropiaci\u00f3n \/ Hacerse Cargo (Accountability)<\/h2>\r\n    <p>\r\n      Asumir la plena responsabilidad por las decisiones, acciones y resultados del trabajo, reconociendo el impacto de la gesti\u00f3n legal.\r\n    <\/p>\r\n  <\/div>\r\n<\/div>\r\n\r\n<div class=\"valor-popup\" id=\"popup-responsabilidad\">\r\n  <div class=\"popup-content\">\r\n    <span class=\"close-popup\">&uarr;<\/span>\r\n    <h2>Responsabilidad Individual<\/h2>\r\n    <p>\r\n      Cumplimiento estricto de las tareas y compromisos asignados a cada miembro del equipo, garantizando la calidad de su aporte al proceso.\r\n    <\/p>\r\n  <\/div>\r\n<\/div>\r\n\r\n<div class=\"valor-popup\" id=\"popup-preparacion\">\r\n  <div class=\"popup-content\">\r\n    <span class=\"close-popup\">&uarr;<\/span>\r\n    <h2>Preparaci\u00f3n Efectiva<\/h2>\r\n    <p>\r\n      Inversi\u00f3n eficiente de tiempo y recursos para dominar los hechos y el derecho aplicable antes de cualquier actuaci\u00f3n, negociaci\u00f3n o audiencia.\r\n    <\/p>\r\n  <\/div>\r\n<\/div>\r\n\r\n<div class=\"valor-popup\" id=\"popup-trazabilidad\">\r\n  <div class=\"popup-content\">\r\n    <span class=\"close-popup\">&uarr;<\/span>\r\n    <h2>Trazabilidad<\/h2>\r\n    <p>\r\n      Documentaci\u00f3n y registro sistem\u00e1tico de cada paso, decisi\u00f3n y comunicaci\u00f3n dentro del proceso legal, permitiendo su auditor\u00eda y seguimiento.\r\n    <\/p>\r\n  <\/div>\r\n<\/div>\r\n\r\n<div class=\"valor-popup\" id=\"popup-seguimiento\">\r\n  <div class=\"popup-content\">\r\n    <span class=\"close-popup\">&uarr;<\/span>\r\n    <h2>Seguimiento Activo<\/h2>\r\n    <p>\r\n      Monitoreo constante del estado del caso, plazos procesales y la evoluci\u00f3n de los hechos, tomando acciones proactivas seg\u00fan se requiera.\r\n    <\/p>\r\n  <\/div>\r\n<\/div>\r\n\r\n<div class=\"valor-popup\" id=\"popup-compromiso-resultado\">\r\n  <div class=\"popup-content\">\r\n    <span class=\"close-popup\">&uarr;<\/span>\r\n    <h2>Compromiso de Resultado<\/h2>\r\n    <p>\r\n      Esfuerzo m\u00e1ximo dirigido a la obtenci\u00f3n de una meta espec\u00edfica, m\u00e1s all\u00e1 de la simple \"diligencia\" en el manejo del caso.\r\n    <\/p>\r\n  <\/div>\r\n<\/div>\r\n\r\n<div class=\"valor-popup\" id=\"popup-reaccion\">\r\n  <div class=\"popup-content\">\r\n    <span class=\"close-popup\">&uarr;<\/span>\r\n    <h2>Reacci\u00f3n Efectiva<\/h2>\r\n    <p>\r\n      Capacidad para responder con rapidez, coherencia y solidez ante imprevistos, objeciones o cambios de estrategia de la contraparte.\r\n    <\/p>\r\n  <\/div>\r\n<\/div>\r\n\r\n<div class=\"valor-popup\" id=\"popup-colaboracion\">\r\n  <div class=\"popup-content\">\r\n    <span class=\"close-popup\">&uarr;<\/span>\r\n    <h2>Colaboraci\u00f3n Interdisciplinaria<\/h2>\r\n    <p>\r\n      Trabajo coordinado con profesionales de otras \u00e1reas (contadores, peritos, t\u00e9cnicos) para enriquecer el an\u00e1lisis y la estrategia legal.\r\n    <\/p>\r\n  <\/div>\r\n<\/div>\r\n\r\n<script>\r\n  document.querySelectorAll(\".valor-item\").forEach((button) => {\r\n    button.addEventListener(\"click\", () => {\r\n      const target = button.getAttribute(\"data-popup\");\r\n      document.querySelector(`#popup-${target}`).classList.add(\"active\");\r\n    });\r\n  });\r\n\r\n  document.querySelectorAll(\".close-popup\").forEach((close) => {\r\n    close.addEventListener(\"click\", () => {\r\n      close.closest(\".valor-popup\").classList.remove(\"active\");\r\n    });\r\n  });\r\n\r\n  window.addEventListener(\"click\", (e) => {\r\n    if (e.target.classList.contains(\"valor-popup\")) {\r\n      e.target.classList.remove(\"active\");\r\n    }\r\n  });\r\n<\/script>\t\t\t\t<\/div>\n\t\t\t\t<\/div>\n\t\t\t\t\t<\/div>\n\t\t<\/div>\n\t\t\t\t\t<\/div>\n\t\t<\/div>\n\t\t\t\t<section class=\"elementor-section elementor-top-section elementor-element elementor-element-69adc97 elementor-section-full_width elementor-section-height-default elementor-section-height-default exad-glass-effect-no exad-sticky-section-no\" data-id=\"69adc97\" data-element_type=\"section\" data-settings=\"{&quot;jet_parallax_layout_list&quot;:[]}\">\n\t\t\t\t\t\t<div class=\"elementor-container elementor-column-gap-default\">\n\t\t\t\t\t<div class=\"elementor-column elementor-col-100 elementor-top-column elementor-element elementor-element-921bff7 raven-column-flex-horizontal exad-glass-effect-no exad-sticky-section-no\" data-id=\"921bff7\" data-element_type=\"column\">\n\t\t\t<div class=\"elementor-widget-wrap elementor-element-populated\">\n\t\t\t\t\t\t<div class=\"elementor-element elementor-element-6f57b66 exad-sticky-section-no exad-glass-effect-no elementor-widget elementor-widget-heading\" data-id=\"6f57b66\" data-element_type=\"widget\" data-widget_type=\"heading.default\">\n\t\t\t\t<div class=\"elementor-widget-container\">\n\t\t\t\t\t<h2 class=\"elementor-heading-title elementor-size-default\">Nuestra Metodolog\u00eda CH-A es el marco operativo que asegura la gesti\u00f3n eficaz y el \u00e9xito de cada proyecto y litigio. <\/h2>\t\t\t\t<\/div>\n\t\t\t\t<\/div>\n\t\t\t\t<div class=\"elementor-element elementor-element-1a1a6c1 exad-sticky-section-no exad-glass-effect-no elementor-widget elementor-widget-heading\" data-id=\"1a1a6c1\" data-element_type=\"widget\" data-widget_type=\"heading.default\">\n\t\t\t\t<div class=\"elementor-widget-container\">\n\t\t\t\t\t<p class=\"elementor-heading-title elementor-size-default\">Esta secci\u00f3n recoge los conceptos esenciales que utilizamos para planificar, ejecutar y controlar estrat\u00e9gicamente las transacciones complejas. Desde la estructuraci\u00f3n contractual y la debida diligencia hasta las herramientas de trazabilidad y gesti\u00f3n de riesgos, estos conceptos definen la eficiencia y el rigor procesal con los que maximizamos el valor y la seguridad de los intereses de nuestros clientes. <\/p>\t\t\t\t<\/div>\n\t\t\t\t<\/div>\n\t\t\t\t<div class=\"elementor-element elementor-element-08fc629 exad-sticky-section-no exad-glass-effect-no elementor-widget elementor-widget-button\" data-id=\"08fc629\" data-element_type=\"widget\" data-widget_type=\"button.default\">\n\t\t\t\t<div class=\"elementor-widget-container\">\n\t\t\t\t\t\t\t\t\t<div class=\"elementor-button-wrapper\">\n\t\t\t\t\t<a class=\"elementor-button elementor-button-link elementor-size-sm\" href=\"https:\/\/www.chalela-legal.com\/wp-content\/uploads\/2025\/11\/GLOSARIO_CHALELA_I_ABOGADOS.pdf\" target=\"_blank\" rel=\"nofollow\">\n\t\t\t\t\t\t<span class=\"elementor-button-content-wrapper\">\n\t\t\t\t\t\t\t\t\t<span class=\"elementor-button-text\">Descargar Glosario<\/span>\n\t\t\t\t\t<\/span>\n\t\t\t\t\t<\/a>\n\t\t\t\t<\/div>\n\t\t\t\t\t\t\t\t<\/div>\n\t\t\t\t<\/div>\n\t\t\t\t\t<\/div>\n\t\t<\/div>\n\t\t\t\t\t<\/div>\n\t\t<\/section>\n\t\t\t\t<\/div>","protected":false},"excerpt":{"rendered":"<p>Glosario Chalela Conozca los t\u00e9rminos que definen nuestra energ\u00eda para llevar a cabo todos los procesos Energ\u00eda que impulsa el futuro Nuestros Valores y Principios Gu\u00eda En Chalela I Abogados, nuestra pr\u00e1ctica legal est\u00e1 cimentada sobre un conjunto inquebrantable de valores y principios que gu\u00edan cada acci\u00f3n, decisi\u00f3n y estrategia. Estos pilares no son solo [&hellip;]<\/p>","protected":false},"author":1,"featured_media":0,"parent":0,"menu_order":0,"comment_status":"closed","ping_status":"closed","template":"elementor_header_footer","meta":{"_acf_changed":false,"_monsterinsights_skip_tracking":false,"_monsterinsights_sitenote_active":false,"_monsterinsights_sitenote_note":"","_monsterinsights_sitenote_category":0,"footnotes":""},"class_list":["post-5267","page","type-page","status-publish","hentry"],"acf":[],"aioseo_notices":[],"_links":{"self":[{"href":"https:\/\/www.chalela-legal.com\/en\/wp-json\/wp\/v2\/pages\/5267","targetHints":{"allow":["GET"]}}],"collection":[{"href":"https:\/\/www.chalela-legal.com\/en\/wp-json\/wp\/v2\/pages"}],"about":[{"href":"https:\/\/www.chalela-legal.com\/en\/wp-json\/wp\/v2\/types\/page"}],"author":[{"embeddable":true,"href":"https:\/\/www.chalela-legal.com\/en\/wp-json\/wp\/v2\/users\/1"}],"replies":[{"embeddable":true,"href":"https:\/\/www.chalela-legal.com\/en\/wp-json\/wp\/v2\/comments?post=5267"}],"version-history":[{"count":79,"href":"https:\/\/www.chalela-legal.com\/en\/wp-json\/wp\/v2\/pages\/5267\/revisions"}],"predecessor-version":[{"id":6510,"href":"https:\/\/www.chalela-legal.com\/en\/wp-json\/wp\/v2\/pages\/5267\/revisions\/6510"}],"wp:attachment":[{"href":"https:\/\/www.chalela-legal.com\/en\/wp-json\/wp\/v2\/media?parent=5267"}],"curies":[{"name":"wp","href":"https:\/\/api.w.org\/{rel}","templated":true}]}}